{"id":2,"date":"2021-02-10T10:36:53","date_gmt":"2021-02-10T09:36:53","guid":{"rendered":"http:\/\/ibp.ptm.org.pl\/?page_id=2"},"modified":"2026-02-14T10:42:13","modified_gmt":"2026-02-14T09:42:13","slug":"przykladowa-strona","status":"publish","type":"page","link":"https:\/\/ibp.ptm.org.pl\/en\/","title":{"rendered":"Home"},"content":{"rendered":"<p>[vc_row row_type=&#8221;row&#8221; use_row_as_full_screen_section=&#8221;no&#8221; type=&#8221;grid&#8221; text_align=&#8221;left&#8221; background_animation=&#8221;none&#8221; css_animation=&#8221;&#8221; css=&#8221;.vc_custom_1614449754697{background-color: #d0a90a !important;}&#8221;][vc_column][vc_empty_space height=&#8221;22px&#8221;][vc_column_text]<\/p>\n<h1 style=\"text-align: center;\"><span style=\"color: #f7f7f7;\">OPENING OF THE EDITION 2026.<\/span><\/h1>\n<p>[\/vc_column_text][vc_column_text]<\/p>\n<h2 style=\"text-align: center;\"><span style=\"color: #f7f7f7;\">Applications are invited from March 1 to May 15, 2026.<\/span><\/h2>\n<p>[\/vc_column_text][vc_empty_space height=&#8221;22px&#8221;][vc_row_inner row_type=&#8221;row&#8221; type=&#8221;full_width&#8221; use_row_as_full_screen_section_slide=&#8221;no&#8221; text_align=&#8221;center&#8221; css_animation=&#8221;&#8221;][vc_column_inner]<a href=\"\/zgloszenie\" target=\"_self\" data-hover-background-color=#ffffff data-hover-border-color=#d0a90a data-hover-color=#d0a90a class=\"qbutton  large\" style=\"color: #ffffff; border-color: #ffffff; background-color: #d0a90a;\">Apply<\/a>[\/vc_column_inner][\/vc_row_inner][vc_empty_space height=&#8221;22px&#8221;][\/vc_column][\/vc_row][vc_row row_type=&#8221;row&#8221; use_row_as_full_screen_section=&#8221;no&#8221; type=&#8221;full_width&#8221; text_align=&#8221;left&#8221; background_animation=&#8221;none&#8221; css_animation=&#8221;&#8221;][vc_column][vc_column_text]<\/p>\n<p>[\/vc_column_text][\/vc_column][\/vc_row][vc_row row_type=&#8221;row&#8221; use_row_as_full_screen_section=&#8221;no&#8221; type=&#8221;full_width&#8221; text_align=&#8221;left&#8221; background_animation=&#8221;none&#8221; css_animation=&#8221;&#8221;][vc_column][vc_column_text]<\/p>\n<p>[\/vc_column_text][\/vc_column][\/vc_row][vc_row row_type=&#8221;row&#8221; use_row_as_full_screen_section=&#8221;no&#8221; type=&#8221;full_width&#8221; text_align=&#8221;left&#8221; background_animation=&#8221;none&#8221; css_animation=&#8221;&#8221;][vc_column][vc_empty_space height=&#8221;22px&#8221;][\/vc_column][\/vc_row][vc_row row_type=&#8221;row&#8221; use_row_as_full_screen_section=&#8221;no&#8221; type=&#8221;grid&#8221; text_align=&#8221;left&#8221; background_animation=&#8221;none&#8221; css_animation=&#8221;&#8221;][vc_column width=&#8221;1\/3&#8243; el_class=&#8221;kreska&#8221;][vc_column_text]<\/p>\n<h3 style=\"text-align: center;\">ORGANIZER<\/h3>\n<p>[\/vc_column_text][vc_empty_space height=&#8221;22px&#8221;][vc_single_image image=&#8221;227&#8243; img_size=&#8221;full&#8221; alignment=&#8221;center&#8221; onclick=&#8221;custom_link&#8221; img_link_target=&#8221;_blank&#8221; qode_css_animation=&#8221;&#8221; link=&#8221;https:\/\/www.ptm.org.pl\/&#8221;][\/vc_column][vc_column width=&#8221;1\/3&#8243;][vc_column_text]<\/p>\n<h3 style=\"text-align: center;\">MAIN SPONSOR<\/h3>\n<p>[\/vc_column_text][vc_empty_space height=&#8221;22px&#8221;][vc_single_image image=&#8221;168&#8243; img_size=&#8221;full&#8221; alignment=&#8221;center&#8221; onclick=&#8221;custom_link&#8221; img_link_target=&#8221;_blank&#8221; qode_css_animation=&#8221;&#8221; link=&#8221;https:\/\/www.pwc.pl\/en.html&#8221;][\/vc_column][vc_column width=&#8221;1\/3&#8243;][vc_column_text]<\/p>\n<h3 style=\"text-align: center;\">INTERCOLLEGIATE CONSORTIUM<\/h3>\n<p>[\/vc_column_text][vc_empty_space height=&#8221;22px&#8221;][vc_gallery type=&#8221;flexslider_slide&#8221; interval=&#8221;3&#8243; images=&#8221;229,230,231,686,175,301,302,234,235,448,176,233,303&#8243; img_size=&#8221;full&#8221; onclick=&#8221;custom_link&#8221; custom_links=&#8221;#E-8_aHR0cCUzQSUyRiUyRmlicC5wdG0ub3JnLnBsJTJGc3BvbnNvcnp5JTJGJTJDaHR0cCUzQSUyRiUyRmlicC5wdG0ub3JnLnBsJTJGc3BvbnNvcnp5JTJGJTJDaHR0cCUzQSUyRiUyRmlicC5wdG0ub3JnLnBsJTJGc3BvbnNvcnp5JTJGJTJDaHR0cCUzQSUyRiUyRmlicC5wdG0ub3JnLnBsJTJGc3BvbnNvcnp5JTJGJTJDaHR0cCUzQSUyRiUyRmlicC5wdG0ub3JnLnBsJTJGc3BvbnNvcnp5JTJGJTJDaHR0cCUzQSUyRiUyRmlicC5wdG0ub3JnLnBsJTJGc3BvbnNvcnp5JTJGJTJDaHR0cCUzQSUyRiUyRmlicC5wdG0ub3JnLnBsJTJGc3BvbnNvcnp5JTJGJTJDaHR0cCUzQSUyRiUyRmlicC5wdG0ub3JnLnBsJTJGc3BvbnNvcnp5JTJGJTJDaHR0cCUzQSUyRiUyRmlicC5wdG0ub3JnLnBsJTJGc3BvbnNvcnp5JTJGJTJDaHR0cCUzQSUyRiUyRmlicC5wdG0ub3JnLnBsJTJGc3BvbnNvcnp5JTJGJTJDaHR0cCUzQSUyRiUyRmlicC5wdG0ub3JnLnBsJTJGc3BvbnNvcnp5JTJGJTJDaHR0cCUzQSUyRiUyRmlicC5wdG0ub3JnLnBsJTJGc3BvbnNvcnp5JTJGJTJDaHR0cCUzQSUyRiUyRmlicC5wdG0ub3JnLnBsJTJGc3BvbnNvcnp5JTJG&#8221;][\/vc_column][\/vc_row][vc_row row_type=&#8221;row&#8221; use_row_as_full_screen_section=&#8221;no&#8221; type=&#8221;full_width&#8221; text_align=&#8221;left&#8221; background_animation=&#8221;none&#8221; css_animation=&#8221;&#8221;][vc_column][vc_empty_space height=&#8221;22px&#8221;][\/vc_column][\/vc_row][vc_row row_type=&#8221;row&#8221; use_row_as_full_screen_section=&#8221;no&#8221; type=&#8221;grid&#8221; text_align=&#8221;left&#8221; background_animation=&#8221;none&#8221; css_animation=&#8221;&#8221; css=&#8221;.vc_custom_1613925951814{background-color: #ffffff !important;}&#8221;][vc_column width=&#8221;2\/3&#8243;][vc_empty_space][vc_column_text]<\/p>\n<h1>THE INTERNATIONAL STEFAN BANACH PRIZE<\/h1>\n<p>[\/vc_column_text][vc_empty_space][vc_separator type=&#8221;normal&#8221; border_style=&#8221;&#8221;][vc_row_inner row_type=&#8221;row&#8221; type=&#8221;full_width&#8221; use_row_as_full_screen_section_slide=&#8221;no&#8221; text_align=&#8221;left&#8221; css_animation=&#8221;&#8221;][vc_column_inner width=&#8221;1\/4&#8243;][vc_single_image image=&#8221;276&#8243; img_size=&#8221;75&#215;65&#8243; qode_css_animation=&#8221;&#8221;][\/vc_column_inner][vc_column_inner width=&#8221;3\/4&#8243;][vc_empty_space][vc_column_text]<\/p>\n<h1>2009-2017 editions<\/h1>\n<p>[\/vc_column_text][\/vc_column_inner][\/vc_row_inner][vc_empty_space][vc_column_text]<\/p>\n<p style=\"text-align: justify;\">The International Stefan Banach Prize for a Doctoral Dissertation in the Mathematical Sciences was established in 2008 by the Polish Mathematical Society and Ericpol Telecom \u2013 an IT company based in \u0141\u00f3d\u017a, who financed the prize and the competition itself. The idea came from the President of the Polish Mathematical Society, Stefan Jackowski, and Vice-President, Pawe\u0142 Walczak &#8211; member of the \u0141\u00f3d\u017a branch.<\/p>\n<p>[\/vc_column_text][vc_empty_space][vc_column_text]<\/p>\n<p style=\"text-align: justify;\">The Prize was awarded annually from 2009 until 2017, with the competition open to young mathematicians from Belarus, Czech Republic, Denmark, Estonia, Finland, Hungary, Latvia, Lithuania, Norway, Poland, Slovakia, Sweden, and Ukraine. Over nine years the competition had six winners from Poland, and one each from Hungary, Denmark and Finland. The list of winners is available <a href=\"http:\/\/ibp.ptm.org.pl\/en\/laureaci\/\"><strong>here<\/strong><\/a>. In 2016 Ericpol became part of the Swedish Ericsson Group, which withdrew from organizing the competition after 2017, leading to the event being suspended.<\/p>\n<p>[\/vc_column_text][vc_empty_space][vc_row_inner row_type=&#8221;row&#8221; type=&#8221;full_width&#8221; use_row_as_full_screen_section_slide=&#8221;no&#8221; text_align=&#8221;left&#8221; css_animation=&#8221;&#8221;][vc_column_inner width=&#8221;1\/4&#8243;][vc_single_image image=&#8221;297&#8243; img_size=&#8221;&#8221; qode_css_animation=&#8221;&#8221;][\/vc_column_inner][vc_column_inner width=&#8221;3\/4&#8243;][vc_empty_space height=&#8221;22px&#8221;][vc_column_text]<\/p>\n<h1>current editions<\/h1>\n<p>[\/vc_column_text][\/vc_column_inner][\/vc_row_inner][vc_empty_space height=&#8221;16px&#8221;][vc_column_text]<\/p>\n<p style=\"text-align: justify;\">On the centenary of Stefan Banach receiving his doctoral degree, we would like to reactivate this competition. The goals, as before, are to promote mathematics and provide financial supports to the most talented young researches from Central and Eastern Europe. The historical and political circumstances of these countries following World War 2 have made starting out on the research path a much more difficult task than in Western Europe.<\/p>\n<p>[\/vc_column_text][vc_empty_space][vc_column_text]<\/p>\n<p style=\"text-align: justify;\">We would like to thank the <a href=\"https:\/\/www.pwc.pl\/en.html\" target=\"_blank\" rel=\"noopener\"><strong>PwC<\/strong> <strong>company<\/strong><\/a><strong>,<\/strong> who is the Chief Sponsor of the Competition. We would also like to thank the <strong><a href=\"http:\/\/ibp.ptm.org.pl\/en\/sponsorzy\/\">Intercollegiate Consortium<\/a><\/strong> composed of Departments of Mathematics at nine of the largest universities in Poland. The Consortium, as a whole, is the largest of the sponsors.<\/p>\n<p>[\/vc_column_text][vc_empty_space][vc_column_text]<\/p>\n<p style=\"text-align: justify;\">We invite young doctors of mathematics (<strong>with the degree obtained between May 1, 2025 and April 30, 2026<\/strong>) from Albania, Belarus, Bosnia and Herzegovina, Bulgaria, Croatia, Czech Republic, Estonia, Hungary, Kosovo, Latvia, Lithuania, North Macedonia, Moldavia, Montenegro, Poland, Romania, Serbia, Slovakia, Slovenia and Ukraine to take part in our competition.<\/p>\n<p>[\/vc_column_text][vc_empty_space][vc_column_text]<\/p>\n<p style=\"text-align: justify;\">Submissions can be sent to the Polish Mathematical Society until <strong>May 15, 2026<\/strong>. Winners will be announced no later than <strong>July 31, 2026<\/strong>.<\/p>\n<p>[\/vc_column_text][vc_empty_space][\/vc_column][vc_column width=&#8221;1\/3&#8243;][vc_empty_space][vc_column_text]<\/p>\n<h1>STEFAN BANACH (1892-1945)<\/h1>\n<p>[\/vc_column_text][vc_empty_space][vc_separator type=&#8221;normal&#8221; border_style=&#8221;&#8221;][vc_empty_space][vc_single_image image=&#8221;40&#8243; img_size=&#8221;full&#8221; qode_css_animation=&#8221;&#8221;][vc_empty_space][vc_column_text]<\/p>\n<p style=\"text-align: justify;\">Stefan Banach \u2013 the founder of functional analysis and the patron of the prize \u2013 symbolizes the values of talent, hard-work and determination. Banach, known also for his talent and unconventional approach to research, rose to prominence as one of the most famous mathematicians in the world.<br \/>\nBanach was born in 1892 and spent his youth in Krak\u00f3w. He studied at the Technical University in Lw\u00f3w. In 1920, without completing a university level mathematical education, he received the doctoral degree in mathematics from the Jan Kazimierz University in Lw\u00f3w, where after four years he became a full professor. In 1935 he was invited to deliver a plenary lecture at the International Congress of Mathematicians in Oslo. Shortly before World War II Banach was elected President of the Polish Mathematical Society. Banach died in Lw\u00f3w in the Summer of 1945.<\/p>\n<p>[\/vc_column_text][vc_empty_space][\/vc_column][\/vc_row][vc_row row_type=&#8221;row&#8221; use_row_as_full_screen_section=&#8221;no&#8221; type=&#8221;full_width&#8221; text_align=&#8221;left&#8221; background_animation=&#8221;none&#8221; css_animation=&#8221;&#8221; css=&#8221;.vc_custom_1613935881033{background-color: #ffffff !important;}&#8221;][vc_column][vc_empty_space][\/vc_column][\/vc_row][vc_row row_type=&#8221;row&#8221; use_row_as_full_screen_section=&#8221;no&#8221; type=&#8221;full_width&#8221; text_align=&#8221;left&#8221; background_animation=&#8221;none&#8221; css_animation=&#8221;&#8221;][vc_column][vc_column_text]<\/p>\n<p>[\/vc_column_text][\/vc_column][\/vc_row][vc_row row_type=&#8221;row&#8221; use_row_as_full_screen_section=&#8221;no&#8221; type=&#8221;grid&#8221; text_align=&#8221;left&#8221; background_animation=&#8221;none&#8221; css_animation=&#8221;&#8221; css=&#8221;.vc_custom_1614449754697{background-color: #d0a90a !important;}&#8221;][vc_column][vc_empty_space height=&#8221;22px&#8221;][vc_column_text]<\/p>\n<p style=\"text-align: center;\"><span style=\"color: #ffffff;\"><strong>Countries covered by the contest:<\/strong><\/span><br \/>\n<span style=\"color: #ffffff;\"><strong>Albania, Belarus, Bosnia and Herzegovina, Bulgaria, Croatia, Czech Republic, Estonia, Hungary, Kosovo, Latvia, Lithuania, North Macedonia, Moldavia, Montenegro, Poland, Romania, Serbia, Slovakia, Slovenia, Ukraine<\/strong><\/span><\/p>\n<p>[\/vc_column_text][vc_empty_space height=&#8221;22px&#8221;][\/vc_column][\/vc_row]<\/p>\n","protected":false},"excerpt":{"rendered":"<p>[vc_row row_type=&#8221;row&#8221; use_row_as_full_screen_section=&#8221;no&#8221; type=&#8221;grid&#8221; text_align=&#8221;left&#8221; background_animation=&#8221;none&#8221; css_animation=&#8221;&#8221; css=&#8221;.vc_custom_1614449754697{background-color: #d0a90a !important;}&#8221;][vc_column][vc_empty_space height=&#8221;22px&#8221;][vc_column_text] OPENING OF THE EDITION 2026. [\/vc_column_text][vc_column_text] Applications are invited from March 1 to May 15, 2026. [\/vc_column_text][vc_empty_space height=&#8221;22px&#8221;][vc_row_inner row_type=&#8221;row&#8221; type=&#8221;full_width&#8221; use_row_as_full_screen_section_slide=&#8221;no&#8221; text_align=&#8221;center&#8221; css_animation=&#8221;&#8221;][vc_column_inner][\/vc_column_inner][\/vc_row_inner][vc_empty_space height=&#8221;22px&#8221;][\/vc_column][\/vc_row][vc_row row_type=&#8221;row&#8221; use_row_as_full_screen_section=&#8221;no&#8221; type=&#8221;full_width&#8221; text_align=&#8221;left&#8221; background_animation=&#8221;none&#8221; css_animation=&#8221;&#8221;][vc_column][vc_column_text] [\/vc_column_text][\/vc_column][\/vc_row][vc_row row_type=&#8221;row&#8221; use_row_as_full_screen_section=&#8221;no&#8221; type=&#8221;full_width&#8221;&#8230;<\/p>\n","protected":false},"author":1,"featured_media":0,"parent":0,"menu_order":0,"comment_status":"closed","ping_status":"open","template":"full_width.php","meta":{"inline_featured_image":false,"_exactmetrics_skip_tracking":false,"_exactmetrics_sitenote_active":false,"_exactmetrics_sitenote_note":"","_exactmetrics_sitenote_category":0,"footnotes":""},"class_list":["post-2","page","type-page","status-publish","hentry"],"yoast_head":"<!-- This site is optimized with the Yoast SEO plugin v26.7 - https:\/\/yoast.com\/wordpress\/plugins\/seo\/ -->\n<title>THE INTERNATIONAL STEFAN BANACH PRIZE<\/title>\n<meta name=\"description\" content=\"The International Stefan Banach Prize for a Doctoral Dissertation in the Mathematical Science\" \/>\n<meta name=\"robots\" content=\"index, follow, max-snippet:-1, max-image-preview:large, max-video-preview:-1\" \/>\n<link rel=\"canonical\" href=\"https:\/\/ibp.ptm.org.pl\/\" \/>\n<meta property=\"og:locale\" content=\"en_US\" \/>\n<meta property=\"og:type\" content=\"article\" \/>\n<meta property=\"og:title\" content=\"THE INTERNATIONAL STEFAN BANACH PRIZE\" \/>\n<meta property=\"og:description\" content=\"The International Stefan Banach Prize for a Doctoral Dissertation in the Mathematical Science\" \/>\n<meta property=\"og:url\" content=\"https:\/\/ibp.ptm.org.pl\/\" \/>\n<meta property=\"og:site_name\" content=\"THE INTERNATIONAL STEFAN BANACH PRIZE\" \/>\n<meta property=\"article:modified_time\" content=\"2026-02-14T09:42:13+00:00\" \/>\n<meta name=\"twitter:card\" content=\"summary_large_image\" \/>\n<meta name=\"twitter:label1\" content=\"Est. reading time\" \/>\n\t<meta name=\"twitter:data1\" content=\"5 minutes\" \/>\n<script type=\"application\/ld+json\" class=\"yoast-schema-graph\">{\"@context\":\"https:\/\/schema.org\",\"@graph\":[{\"@type\":\"WebPage\",\"@id\":\"https:\/\/ibp.ptm.org.pl\/\",\"url\":\"https:\/\/ibp.ptm.org.pl\/\",\"name\":\"THE INTERNATIONAL STEFAN BANACH PRIZE\",\"isPartOf\":{\"@id\":\"https:\/\/ibp.ptm.org.pl\/en\/#website\"},\"datePublished\":\"2021-02-10T09:36:53+00:00\",\"dateModified\":\"2026-02-14T09:42:13+00:00\",\"description\":\"The International Stefan Banach Prize for a Doctoral Dissertation in the Mathematical Science\",\"breadcrumb\":{\"@id\":\"https:\/\/ibp.ptm.org.pl\/#breadcrumb\"},\"inLanguage\":\"en-US\",\"potentialAction\":[{\"@type\":\"ReadAction\",\"target\":[\"https:\/\/ibp.ptm.org.pl\/\"]}]},{\"@type\":\"BreadcrumbList\",\"@id\":\"https:\/\/ibp.ptm.org.pl\/#breadcrumb\",\"itemListElement\":[{\"@type\":\"ListItem\",\"position\":1,\"name\":\"Strona g\u0142\u00f3wna\",\"item\":\"https:\/\/ibp.ptm.org.pl\/\"},{\"@type\":\"ListItem\",\"position\":2,\"name\":\"Home\"}]},{\"@type\":\"WebSite\",\"@id\":\"https:\/\/ibp.ptm.org.pl\/en\/#website\",\"url\":\"https:\/\/ibp.ptm.org.pl\/en\/\",\"name\":\"THE INTERNATIONAL STEFAN BANACH PRIZE\",\"description\":\"for a doctoral dissertation in the mathematical sciences\",\"potentialAction\":[{\"@type\":\"SearchAction\",\"target\":{\"@type\":\"EntryPoint\",\"urlTemplate\":\"https:\/\/ibp.ptm.org.pl\/en\/?s={search_term_string}\"},\"query-input\":{\"@type\":\"PropertyValueSpecification\",\"valueRequired\":true,\"valueName\":\"search_term_string\"}}],\"inLanguage\":\"en-US\"}]}<\/script>\n<!-- \/ Yoast SEO plugin. -->","yoast_head_json":{"title":"THE INTERNATIONAL STEFAN BANACH PRIZE","description":"The International Stefan Banach Prize for a Doctoral Dissertation in the Mathematical Science","robots":{"index":"index","follow":"follow","max-snippet":"max-snippet:-1","max-image-preview":"max-image-preview:large","max-video-preview":"max-video-preview:-1"},"canonical":"https:\/\/ibp.ptm.org.pl\/","og_locale":"en_US","og_type":"article","og_title":"THE INTERNATIONAL STEFAN BANACH PRIZE","og_description":"The International Stefan Banach Prize for a Doctoral Dissertation in the Mathematical Science","og_url":"https:\/\/ibp.ptm.org.pl\/","og_site_name":"THE INTERNATIONAL STEFAN BANACH PRIZE","article_modified_time":"2026-02-14T09:42:13+00:00","twitter_card":"summary_large_image","twitter_misc":{"Est. reading time":"5 minutes"},"schema":{"@context":"https:\/\/schema.org","@graph":[{"@type":"WebPage","@id":"https:\/\/ibp.ptm.org.pl\/","url":"https:\/\/ibp.ptm.org.pl\/","name":"THE INTERNATIONAL STEFAN BANACH PRIZE","isPartOf":{"@id":"https:\/\/ibp.ptm.org.pl\/en\/#website"},"datePublished":"2021-02-10T09:36:53+00:00","dateModified":"2026-02-14T09:42:13+00:00","description":"The International Stefan Banach Prize for a Doctoral Dissertation in the Mathematical Science","breadcrumb":{"@id":"https:\/\/ibp.ptm.org.pl\/#breadcrumb"},"inLanguage":"en-US","potentialAction":[{"@type":"ReadAction","target":["https:\/\/ibp.ptm.org.pl\/"]}]},{"@type":"BreadcrumbList","@id":"https:\/\/ibp.ptm.org.pl\/#breadcrumb","itemListElement":[{"@type":"ListItem","position":1,"name":"Strona g\u0142\u00f3wna","item":"https:\/\/ibp.ptm.org.pl\/"},{"@type":"ListItem","position":2,"name":"Home"}]},{"@type":"WebSite","@id":"https:\/\/ibp.ptm.org.pl\/en\/#website","url":"https:\/\/ibp.ptm.org.pl\/en\/","name":"THE INTERNATIONAL STEFAN BANACH PRIZE","description":"for a doctoral dissertation in the mathematical sciences","potentialAction":[{"@type":"SearchAction","target":{"@type":"EntryPoint","urlTemplate":"https:\/\/ibp.ptm.org.pl\/en\/?s={search_term_string}"},"query-input":{"@type":"PropertyValueSpecification","valueRequired":true,"valueName":"search_term_string"}}],"inLanguage":"en-US"}]}},"_links":{"self":[{"href":"https:\/\/ibp.ptm.org.pl\/en\/wp-json\/wp\/v2\/pages\/2","targetHints":{"allow":["GET"]}}],"collection":[{"href":"https:\/\/ibp.ptm.org.pl\/en\/wp-json\/wp\/v2\/pages"}],"about":[{"href":"https:\/\/ibp.ptm.org.pl\/en\/wp-json\/wp\/v2\/types\/page"}],"author":[{"embeddable":true,"href":"https:\/\/ibp.ptm.org.pl\/en\/wp-json\/wp\/v2\/users\/1"}],"replies":[{"embeddable":true,"href":"https:\/\/ibp.ptm.org.pl\/en\/wp-json\/wp\/v2\/comments?post=2"}],"version-history":[{"count":186,"href":"https:\/\/ibp.ptm.org.pl\/en\/wp-json\/wp\/v2\/pages\/2\/revisions"}],"predecessor-version":[{"id":759,"href":"https:\/\/ibp.ptm.org.pl\/en\/wp-json\/wp\/v2\/pages\/2\/revisions\/759"}],"wp:attachment":[{"href":"https:\/\/ibp.ptm.org.pl\/en\/wp-json\/wp\/v2\/media?parent=2"}],"curies":[{"name":"wp","href":"https:\/\/api.w.org\/{rel}","templated":true}]}}